{"id":12,"date":"2024-11-23T07:18:56","date_gmt":"2024-11-23T07:18:56","guid":{"rendered":"http:\/\/unweo.org\/?page_id=12"},"modified":"2025-12-28T17:11:15","modified_gmt":"2025-12-28T17:11:15","slug":"nouvelles","status":"publish","type":"page","link":"http:\/\/unweo.org\/fr\/nouvelles\/","title":{"rendered":"Nouvelles"},"content":{"rendered":"<div data-elementor-type=\"wp-post\" data-elementor-id=\"12\" class=\"elementor elementor-12\" data-elementor-post-type=\"page\">\n\t\t\t\t<div class=\"elementor-element elementor-element-1eed5a7 e-flex e-con-boxed e-con e-parent\" data-id=\"1eed5a7\" data-element_type=\"container\" data-e-type=\"container\" data-settings=\"{&quot;background_background&quot;:&quot;classic&quot;}\">\n\t\t\t\t\t<div class=\"e-con-inner\">\n\t\t<div class=\"elementor-element elementor-element-1f55a68 e-con-full e-flex e-con e-child\" data-id=\"1f55a68\" data-element_type=\"container\" data-e-type=\"container\">\n\t\t\t\t<div class=\"elementor-element elementor-element-3af6aa7 elementor-widget elementor-widget-heading\" data-id=\"3af6aa7\" data-element_type=\"widget\" data-e-type=\"widget\" data-widget_type=\"heading.default\">\n\t\t\t\t<div class=\"elementor-widget-container\">\n\t\t\t\t\t<h1 class=\"elementor-heading-title elementor-size-default\">Nouvelles<\/h1>\t\t\t\t<\/div>\n\t\t\t\t<\/div>\n\t\t\t\t<div class=\"elementor-element elementor-element-8be4495 elementor-widget elementor-widget-text-editor\" data-id=\"8be4495\" data-element_type=\"widget\" data-e-type=\"widget\" data-widget_type=\"text-editor.default\">\n\t\t\t\t<div class=\"elementor-widget-container\">\n\t\t\t\t\t\t\t\t\t<p>Relier les id\u00e9es internationales, connecter les ressources mondiales et promouvoir la coop\u00e9ration r\u00e9gionale.<\/p>\t\t\t\t\t\t\t\t<\/div>\n\t\t\t\t<\/div>\n\t\t\t\t<\/div>\n\t\t\t\t\t<\/div>\n\t\t\t\t<\/div>\n\t\t<div class=\"elementor-element elementor-element-7ff391f7 e-flex e-con-boxed e-con e-parent\" data-id=\"7ff391f7\" data-element_type=\"container\" data-e-type=\"container\">\n\t\t\t\t\t<div class=\"e-con-inner\">\n\t\t\t\t<div class=\"elementor-element elementor-element-0e947ea elementor-grid-3 elementor-grid-tablet-2 elementor-grid-mobile-1 elementor-posts--thumbnail-top elementor-card-shadow-yes elementor-posts__hover-gradient elementor-widget elementor-widget-posts\" data-id=\"0e947ea\" data-element_type=\"widget\" data-e-type=\"widget\" data-settings=\"{&quot;cards_columns&quot;:&quot;3&quot;,&quot;cards_columns_tablet&quot;:&quot;2&quot;,&quot;cards_columns_mobile&quot;:&quot;1&quot;,&quot;cards_row_gap&quot;:{&quot;unit&quot;:&quot;px&quot;,&quot;size&quot;:35,&quot;sizes&quot;:[]},&quot;cards_row_gap_tablet&quot;:{&quot;unit&quot;:&quot;px&quot;,&quot;size&quot;:&quot;&quot;,&quot;sizes&quot;:[]},&quot;cards_row_gap_mobile&quot;:{&quot;unit&quot;:&quot;px&quot;,&quot;size&quot;:&quot;&quot;,&quot;sizes&quot;:[]}}\" data-widget_type=\"posts.cards\">\n\t\t\t\t<div class=\"elementor-widget-container\">\n\t\t\t\t\t\t\t<div class=\"elementor-posts-container elementor-posts elementor-posts--skin-cards elementor-grid\" role=\"list\">\n\t\t\t\t<article class=\"elementor-post elementor-grid-item post-549 post type-post status-publish format-standard has-post-thumbnail hentry category-news\" role=\"listitem\">\n\t\t\t<div class=\"elementor-post__card\">\n\t\t\t\t<a class=\"elementor-post__thumbnail__link\" href=\"http:\/\/unweo.org\/fr\/massa-id-neque-aliquam-vestibulum-morbi\/\" tabindex=\"-1\" ><div class=\"elementor-post__thumbnail\"><img fetchpriority=\"high\" decoding=\"async\" width=\"300\" height=\"169\" src=\"http:\/\/unweo.org\/wp-content\/uploads\/2024\/11\/G20_Brazil_2024-300x169.jpg\" class=\"attachment-medium size-medium wp-image-2225\" alt=\"\" srcset=\"http:\/\/unweo.org\/wp-content\/uploads\/2024\/11\/G20_Brazil_2024-300x169.jpg 300w, http:\/\/unweo.org\/wp-content\/uploads\/2024\/11\/G20_Brazil_2024-1024x576.jpg 1024w, http:\/\/unweo.org\/wp-content\/uploads\/2024\/11\/G20_Brazil_2024-768x432.jpg 768w, http:\/\/unweo.org\/wp-content\/uploads\/2024\/11\/G20_Brazil_2024-1536x864.jpg 1536w, http:\/\/unweo.org\/wp-content\/uploads\/2024\/11\/G20_Brazil_2024-18x10.jpg 18w, http:\/\/unweo.org\/wp-content\/uploads\/2024\/11\/G20_Brazil_2024.jpg 2048w\" sizes=\"(max-width: 300px) 100vw, 300px\" \/><\/div><\/a>\n\t\t\t\t<div class=\"elementor-post__text\">\n\t\t\t\t<h5 class=\"elementor-post__title\">\n\t\t\t<a href=\"http:\/\/unweo.org\/fr\/massa-id-neque-aliquam-vestibulum-morbi\/\" >\n\t\t\t\tLe sommet du G20 marque une nouvelle \u00e8re de collaboration mondiale et d'inclusion\t\t\t<\/a>\n\t\t<\/h5>\n\t\t\n\t\t<a class=\"elementor-post__read-more\" href=\"http:\/\/unweo.org\/fr\/massa-id-neque-aliquam-vestibulum-morbi\/\" aria-label=\"En savoir plus sur G20 Summit marks new era of global collaboration, inclusivity\" tabindex=\"-1\" >\n\t\t\tLire la suite \"\t\t<\/a>\n\n\t\t\t\t<\/div>\n\t\t\t\t\t<\/div>\n\t\t<\/article>\n\t\t\t\t<article class=\"elementor-post elementor-grid-item post-546 post type-post status-publish format-standard has-post-thumbnail hentry category-news\" role=\"listitem\">\n\t\t\t<div class=\"elementor-post__card\">\n\t\t\t\t<a class=\"elementor-post__thumbnail__link\" href=\"http:\/\/unweo.org\/fr\/porta-non-pulvinar-neque-laoreet-suspendisse\/\" tabindex=\"-1\" ><div class=\"elementor-post__thumbnail\"><img decoding=\"async\" width=\"1\" height=\"1\" src=\"http:\/\/unweo.org\/wp-content\/uploads\/2024\/11\/businessman-holding-light-bulb-with-wooden-blocks-2024-09-22-18-44-51-utc.jpg\" class=\"attachment-medium size-medium wp-image-1809\" alt=\"\" \/><\/div><\/a>\n\t\t\t\t<div class=\"elementor-post__text\">\n\t\t\t\t<h5 class=\"elementor-post__title\">\n\t\t\t<a href=\"http:\/\/unweo.org\/fr\/porta-non-pulvinar-neque-laoreet-suspendisse\/\" >\n\t\t\t\tQu'est-ce que l'innovation ? D\u00e9finition, types, exemples et processus\t\t\t<\/a>\n\t\t<\/h5>\n\t\t\n\t\t<a class=\"elementor-post__read-more\" href=\"http:\/\/unweo.org\/fr\/porta-non-pulvinar-neque-laoreet-suspendisse\/\" aria-label=\"En savoir plus sur What is Innovation? Definition, Types, Examples and Process\" tabindex=\"-1\" >\n\t\t\tLire la suite \"\t\t<\/a>\n\n\t\t\t\t<\/div>\n\t\t\t\t\t<\/div>\n\t\t<\/article>\n\t\t\t\t<article class=\"elementor-post elementor-grid-item post-558 post type-post status-publish format-standard has-post-thumbnail hentry category-news category-useful\" role=\"listitem\">\n\t\t\t<div class=\"elementor-post__card\">\n\t\t\t\t<a class=\"elementor-post__thumbnail__link\" href=\"http:\/\/unweo.org\/fr\/comprendre-linnovation-economique\/\" tabindex=\"-1\" ><div class=\"elementor-post__thumbnail\"><img decoding=\"async\" width=\"1\" height=\"1\" src=\"http:\/\/unweo.org\/wp-content\/uploads\/2024\/11\/strategy-process-concept-2023-11-27-05-03-01-utc.jpg\" class=\"attachment-medium size-medium wp-image-1903\" alt=\"\" \/><\/div><\/a>\n\t\t\t\t<div class=\"elementor-post__text\">\n\t\t\t\t<h5 class=\"elementor-post__title\">\n\t\t\t<a href=\"http:\/\/unweo.org\/fr\/comprendre-linnovation-economique\/\" >\n\t\t\t\tQu'est-ce que l'innovation strat\u00e9gique ? D\u00e9finition, processus, exemples et gestion\t\t\t<\/a>\n\t\t<\/h5>\n\t\t\n\t\t<a class=\"elementor-post__read-more\" href=\"http:\/\/unweo.org\/fr\/comprendre-linnovation-economique\/\" aria-label=\"En savoir plus sur What is Strategic Innovation? Definition, Process, Examples and Management\" tabindex=\"-1\" >\n\t\t\tLire la suite \"\t\t<\/a>\n\n\t\t\t\t<\/div>\n\t\t\t\t\t<\/div>\n\t\t<\/article>\n\t\t\t\t<article class=\"elementor-post elementor-grid-item post-542 post type-post status-publish format-standard has-post-thumbnail hentry category-news\" role=\"listitem\">\n\t\t\t<div class=\"elementor-post__card\">\n\t\t\t\t<a class=\"elementor-post__thumbnail__link\" href=\"http:\/\/unweo.org\/fr\/adipiscing-elit-pellentesque-habitant-morbi\/\" tabindex=\"-1\" ><div class=\"elementor-post__thumbnail\"><img loading=\"lazy\" decoding=\"async\" width=\"1\" height=\"1\" src=\"http:\/\/unweo.org\/wp-content\/uploads\/2024\/11\/asisn-woman-video-conference-busienss-meeting-with-2023-11-27-05-32-18-utc.jpg\" class=\"attachment-medium size-medium wp-image-1900\" alt=\"\" \/><\/div><\/a>\n\t\t\t\t<div class=\"elementor-post__text\">\n\t\t\t\t<h5 class=\"elementor-post__title\">\n\t\t\t<a href=\"http:\/\/unweo.org\/fr\/adipiscing-elit-pellentesque-habitant-morbi\/\" >\n\t\t\t\tQu'est-ce que l'innovation commerciale ? D\u00e9finition, types, exemples et meilleures pratiques en mati\u00e8re de strat\u00e9gie\t\t\t<\/a>\n\t\t<\/h5>\n\t\t\n\t\t<a class=\"elementor-post__read-more\" href=\"http:\/\/unweo.org\/fr\/adipiscing-elit-pellentesque-habitant-morbi\/\" aria-label=\"En savoir plus sur What is Business Innovation? Definition, Types, Examples and Strategy Best Practices\" tabindex=\"-1\" >\n\t\t\tLire la suite \"\t\t<\/a>\n\n\t\t\t\t<\/div>\n\t\t\t\t\t<\/div>\n\t\t<\/article>\n\t\t\t\t<article class=\"elementor-post elementor-grid-item post-538 post type-post status-publish format-standard has-post-thumbnail hentry category-news\" role=\"listitem\">\n\t\t\t<div class=\"elementor-post__card\">\n\t\t\t\t<a class=\"elementor-post__thumbnail__link\" href=\"http:\/\/unweo.org\/fr\/lorem-ipsum-dolor-sit-amet-consectetur-adipiscing-elit\/\" tabindex=\"-1\" ><div class=\"elementor-post__thumbnail\"><img loading=\"lazy\" decoding=\"async\" width=\"1\" height=\"1\" src=\"http:\/\/unweo.org\/wp-content\/uploads\/2024\/11\/communication-2023-11-27-04-54-26-utc.jpg\" class=\"attachment-medium size-medium wp-image-1905\" alt=\"\" \/><\/div><\/a>\n\t\t\t\t<div class=\"elementor-post__text\">\n\t\t\t\t<h5 class=\"elementor-post__title\">\n\t\t\t<a href=\"http:\/\/unweo.org\/fr\/lorem-ipsum-dolor-sit-amet-consectetur-adipiscing-elit\/\" >\n\t\t\t\tQu'est-ce que la gestion de l'innovation ? D\u00e9finition, processus et bonnes pratiques\t\t\t<\/a>\n\t\t<\/h5>\n\t\t\n\t\t<a class=\"elementor-post__read-more\" href=\"http:\/\/unweo.org\/fr\/lorem-ipsum-dolor-sit-amet-consectetur-adipiscing-elit\/\" aria-label=\"En savoir plus sur What is Innovation Management? Definition, Process and Best Practices\" tabindex=\"-1\" >\n\t\t\tLire la suite \"\t\t<\/a>\n\n\t\t\t\t<\/div>\n\t\t\t\t\t<\/div>\n\t\t<\/article>\n\t\t\t\t<article class=\"elementor-post elementor-grid-item post-556 post type-post status-publish format-standard has-post-thumbnail hentry category-news\" role=\"listitem\">\n\t\t\t<div class=\"elementor-post__card\">\n\t\t\t\t<a class=\"elementor-post__thumbnail__link\" href=\"http:\/\/unweo.org\/fr\/tellus-molestie-nunc-non-blandit-massa\/\" tabindex=\"-1\" ><div class=\"elementor-post__thumbnail\"><img loading=\"lazy\" decoding=\"async\" width=\"300\" height=\"153\" src=\"http:\/\/unweo.org\/wp-content\/uploads\/2024\/11\/enterpreneur-exchanging-his-idea-for-investors-mon-2023-11-27-05-21-38-utc-300x153.jpg\" class=\"attachment-medium size-medium wp-image-807\" alt=\"\" \/><\/div><\/a>\n\t\t\t\t<div class=\"elementor-post__text\">\n\t\t\t\t<h5 class=\"elementor-post__title\">\n\t\t\t<a href=\"http:\/\/unweo.org\/fr\/tellus-molestie-nunc-non-blandit-massa\/\" >\n\t\t\t\tLa discipline de l'innovation\t\t\t<\/a>\n\t\t<\/h5>\n\t\t\n\t\t<a class=\"elementor-post__read-more\" href=\"http:\/\/unweo.org\/fr\/tellus-molestie-nunc-non-blandit-massa\/\" aria-label=\"En savoir plus sur The Discipline of Innovation\" tabindex=\"-1\" >\n\t\t\tLire la suite \"\t\t<\/a>\n\n\t\t\t\t<\/div>\n\t\t\t\t\t<\/div>\n\t\t<\/article>\n\t\t\t\t<\/div>\n\t\t\n\t\t\t\t\t\t<\/div>\n\t\t\t\t<\/div>\n\t\t\t\t\t<\/div>\n\t\t\t\t<\/div>\n\t\t<div class=\"elementor-element elementor-element-44e1aed e-flex e-con-boxed e-con e-parent\" data-id=\"44e1aed\" data-element_type=\"container\" data-e-type=\"container\">\n\t\t\t\t\t<div class=\"e-con-inner\">\n\t\t\t\t\t<\/div>\n\t\t\t\t<\/div>\n\t\t\t\t<\/div>","protected":false},"excerpt":{"rendered":"<p>News Linking international ideas, connecting global resources, and promoting regional cooperation.<\/p>","protected":false},"author":3,"featured_media":0,"parent":0,"menu_order":0,"comment_status":"closed","ping_status":"closed","template":"","meta":{"site-sidebar-layout":"no-sidebar","site-content-layout":"page-builder","ast-site-content-layout":"default","site-content-style":"default","site-sidebar-style":"default","ast-global-header-display":"","ast-banner-title-visibility":"","ast-main-header-display":"","ast-hfb-above-header-display":"","ast-hfb-below-header-display":"","ast-hfb-mobile-header-display":"","site-post-title":"disabled","ast-breadcrumbs-content":"","ast-featured-img":"disabled","footer-sml-layout":"","ast-disable-related-posts":"","theme-transparent-header-meta":"enabled","adv-header-id-meta":"","stick-header-meta":"","header-above-stick-meta":"","header-main-stick-meta":"","header-below-stick-meta":"","astra-migrate-meta-layouts":"default","ast-page-background-enabled":"default","ast-page-background-meta":{"desktop":{"background-color":"","background-image":"","background-repeat":"repeat","background-position":"center center","background-size":"auto","background-attachment":"scroll","background-type":"","background-media":"","overlay-type":"","overlay-color":"","overlay-opacity":"","overlay-gradient":""},"tablet":{"background-color":"","background-image":"","background-repeat":"repeat","background-position":"center center","background-size":"auto","background-attachment":"scroll","background-type":"","background-media":"","overlay-type":"","overlay-color":"","overlay-opacity":"","overlay-gradient":""},"mobile":{"background-color":"","background-image":"","background-repeat":"repeat","background-position":"center center","background-size":"auto","background-attachment":"scroll","background-type":"","background-media":"","overlay-type":"","overlay-color":"","overlay-opacity":"","overlay-gradient":""}},"ast-content-background-meta":{"desktop":{"background-color":"var(--ast-global-color-5)","background-image":"","background-repeat":"repeat","background-position":"center center","background-size":"auto","background-attachment":"scroll","background-type":"","background-media":"","overlay-type":"","overlay-color":"","overlay-opacity":"","overlay-gradient":""},"tablet":{"background-color":"var(--ast-global-color-5)","background-image":"","background-repeat":"repeat","background-position":"center center","background-size":"auto","background-attachment":"scroll","background-type":"","background-media":"","overlay-type":"","overlay-color":"","overlay-opacity":"","overlay-gradient":""},"mobile":{"background-color":"var(--ast-global-color-5)","background-image":"","background-repeat":"repeat","background-position":"center center","background-size":"auto","background-attachment":"scroll","background-type":"","background-media":"","overlay-type":"","overlay-color":"","overlay-opacity":"","overlay-gradient":""}},"footnotes":""},"class_list":["post-12","page","type-page","status-publish","hentry"],"_links":{"self":[{"href":"http:\/\/unweo.org\/fr\/wp-json\/wp\/v2\/pages\/12","targetHints":{"allow":["GET"]}}],"collection":[{"href":"http:\/\/unweo.org\/fr\/wp-json\/wp\/v2\/pages"}],"about":[{"href":"http:\/\/unweo.org\/fr\/wp-json\/wp\/v2\/types\/page"}],"author":[{"embeddable":true,"href":"http:\/\/unweo.org\/fr\/wp-json\/wp\/v2\/users\/3"}],"replies":[{"embeddable":true,"href":"http:\/\/unweo.org\/fr\/wp-json\/wp\/v2\/comments?post=12"}],"version-history":[{"count":37,"href":"http:\/\/unweo.org\/fr\/wp-json\/wp\/v2\/pages\/12\/revisions"}],"predecessor-version":[{"id":2837,"href":"http:\/\/unweo.org\/fr\/wp-json\/wp\/v2\/pages\/12\/revisions\/2837"}],"wp:attachment":[{"href":"http:\/\/unweo.org\/fr\/wp-json\/wp\/v2\/media?parent=12"}],"curies":[{"name":"wp","href":"https:\/\/api.w.org\/{rel}","templated":true}]}}