{"id":1981,"date":"2024-11-29T16:24:46","date_gmt":"2024-11-29T16:24:46","guid":{"rendered":"http:\/\/unweo.org\/?page_id=1981"},"modified":"2025-12-28T14:19:57","modified_gmt":"2025-12-28T14:19:57","slug":"objectifs-mondiaux-pour-les-personnes-et-la-planete","status":"publish","type":"page","link":"http:\/\/unweo.org\/fr\/objectifs-mondiaux-pour-les-personnes-et-la-planete\/","title":{"rendered":"Objectifs mondiaux pour les personnes et la plan\u00e8te"},"content":{"rendered":"<div data-elementor-type=\"wp-page\" data-elementor-id=\"1981\" class=\"elementor elementor-1981\" data-elementor-post-type=\"page\">\n\t\t\t\t<div class=\"elementor-element elementor-element-60d9c3e5 e-flex e-con-boxed e-con e-parent\" data-id=\"60d9c3e5\" data-element_type=\"container\" data-e-type=\"container\" data-settings=\"{&quot;background_background&quot;:&quot;classic&quot;}\">\n\t\t\t\t\t<div class=\"e-con-inner\">\n\t\t<div class=\"elementor-element elementor-element-4d7ef0a4 e-con-full e-flex e-con e-child\" data-id=\"4d7ef0a4\" data-element_type=\"container\" data-e-type=\"container\">\n\t\t\t\t<div class=\"elementor-element elementor-element-47b09e5e elementor-widget elementor-widget-heading\" data-id=\"47b09e5e\" data-element_type=\"widget\" data-e-type=\"widget\" data-widget_type=\"heading.default\">\n\t\t\t\t<div class=\"elementor-widget-container\">\n\t\t\t\t\t<h1 class=\"elementor-heading-title elementor-size-default\">Objectifs mondiaux pour les personnes et la plan\u00e8te<\/h1>\t\t\t\t<\/div>\n\t\t\t\t<\/div>\n\t\t\t\t<div class=\"elementor-element elementor-element-57f9263d elementor-widget elementor-widget-text-editor\" data-id=\"57f9263d\" data-element_type=\"widget\" data-e-type=\"widget\" data-widget_type=\"text-editor.default\">\n\t\t\t\t<div class=\"elementor-widget-container\">\n\t\t\t\t\t\t\t\t\t<p>Les objectifs de d\u00e9veloppement durable constituent une aspiration puissante \u00e0 l'am\u00e9lioration de notre monde. Ils d\u00e9finissent les objectifs que nous devons atteindre collectivement et les moyens d'y parvenir.<\/p>\t\t\t\t\t\t\t\t<\/div>\n\t\t\t\t<\/div>\n\t\t\t\t<\/div>\n\t\t\t\t\t<\/div>\n\t\t\t\t<\/div>\n\t\t<div class=\"elementor-element elementor-element-5dd7388a e-flex e-con-boxed e-con e-parent\" data-id=\"5dd7388a\" data-element_type=\"container\" data-e-type=\"container\" data-settings=\"{&quot;background_background&quot;:&quot;classic&quot;}\">\n\t\t\t\t\t<div class=\"e-con-inner\">\n\t\t<div class=\"elementor-element elementor-element-71ef488c e-con-full e-flex e-con e-child\" data-id=\"71ef488c\" data-element_type=\"container\" data-e-type=\"container\">\n\t\t\t\t<div class=\"elementor-element elementor-element-4a2e5113 elementor-widget elementor-widget-heading\" data-id=\"4a2e5113\" data-element_type=\"widget\" data-e-type=\"widget\" data-widget_type=\"heading.default\">\n\t\t\t\t<div class=\"elementor-widget-container\">\n\t\t\t\t\t<h1 class=\"elementor-heading-title elementor-size-default\">Les ODD expliqu\u00e9s aux entreprises<\/h1>\t\t\t\t<\/div>\n\t\t\t\t<\/div>\n\t\t\t\t<div class=\"elementor-element elementor-element-2d86d511 elementor-widget elementor-widget-text-editor\" data-id=\"2d86d511\" data-element_type=\"widget\" data-e-type=\"widget\" data-widget_type=\"text-editor.default\">\n\t\t\t\t<div class=\"elementor-widget-container\">\n\t\t\t\t\t\t\t\t\t<p style=\"text-align: left;\">En septembre 2015, les 193 \u00c9tats membres des Nations unies ont adopt\u00e9 un plan visant \u00e0 assurer un avenir meilleur pour tous - en tra\u00e7ant la voie \u00e0 suivre au cours des 15 prochaines ann\u00e9es pour mettre fin \u00e0 l'extr\u00eame pauvret\u00e9, lutter contre les in\u00e9galit\u00e9s et l'injustice, et prot\u00e9ger notre plan\u00e8te. Au c\u0153ur de l'\"Agenda 2030\" se trouvent les 17 objectifs de d\u00e9veloppement durable (ODD) qui d\u00e9finissent clairement le monde que nous voulons - en s'appliquant \u00e0 toutes les nations et en ne laissant personne de c\u00f4t\u00e9.<\/p><p style=\"text-align: left;\">Les nouveaux objectifs mondiaux sont le fruit d'un processus qui a \u00e9t\u00e9 plus inclusif que jamais, les gouvernements ayant associ\u00e9 d\u00e8s le d\u00e9part les entreprises, la soci\u00e9t\u00e9 civile et les citoyens. Nous sommes tous d'accord sur la direction que le monde doit prendre. La r\u00e9alisation de ces ambitions n\u00e9cessitera un effort sans pr\u00e9c\u00e9dent de la part de tous les secteurs de la soci\u00e9t\u00e9 - et les entreprises ont un r\u00f4le tr\u00e8s important \u00e0 jouer dans ce processus.<\/p>\t\t\t\t\t\t\t\t<\/div>\n\t\t\t\t<\/div>\n\t\t\t\t<div class=\"elementor-element elementor-element-59894974 elementor-mobile-align-center elementor-widget elementor-widget-button\" data-id=\"59894974\" data-element_type=\"widget\" data-e-type=\"widget\" data-widget_type=\"button.default\">\n\t\t\t\t<div class=\"elementor-widget-container\">\n\t\t\t\t\t\t\t\t\t<div class=\"elementor-button-wrapper\">\n\t\t\t\t\t<a class=\"elementor-button elementor-button-link elementor-size-sm\" href=\"http:\/\/unweo.org\/fr\/promouvoir-le-developpement-durable\/\">\n\t\t\t\t\t\t<span class=\"elementor-button-content-wrapper\">\n\t\t\t\t\t\t\t\t\t<span class=\"elementor-button-text\">EN SAVOIR PLUS SUR LE D\u00c9VELOPPEMENT DURABLE<\/span>\n\t\t\t\t\t<\/span>\n\t\t\t\t\t<\/a>\n\t\t\t\t<\/div>\n\t\t\t\t\t\t\t\t<\/div>\n\t\t\t\t<\/div>\n\t\t\t\t<\/div>\n\t\t<div class=\"elementor-element elementor-element-7edb7f0 e-con-full e-flex e-con e-child\" data-id=\"7edb7f0\" data-element_type=\"container\" data-e-type=\"container\">\n\t\t\t\t<div class=\"elementor-element elementor-element-3e4e3c13 elementor-widget elementor-widget-image\" data-id=\"3e4e3c13\" data-element_type=\"widget\" data-e-type=\"widget\" data-widget_type=\"image.default\">\n\t\t\t\t<div class=\"elementor-widget-container\">\n\t\t\t\t\t\t\t\t\t\t\t\t\t\t\t<img fetchpriority=\"high\" decoding=\"async\" width=\"720\" height=\"720\" src=\"https:\/\/unweo.org\/wp-content\/uploads\/2024\/11\/e79ab747ba58d5018a6a40166c9d948c8e845509-sdg-tile-01.jpg\" class=\"attachment-large size-large wp-image-1989\" alt=\"\" srcset=\"https:\/\/unweo.org\/wp-content\/uploads\/2024\/11\/e79ab747ba58d5018a6a40166c9d948c8e845509-sdg-tile-01.jpg 720w, https:\/\/unweo.org\/wp-content\/uploads\/2024\/11\/e79ab747ba58d5018a6a40166c9d948c8e845509-sdg-tile-01-300x300.jpg 300w, https:\/\/unweo.org\/wp-content\/uploads\/2024\/11\/e79ab747ba58d5018a6a40166c9d948c8e845509-sdg-tile-01-150x150.jpg 150w, https:\/\/unweo.org\/wp-content\/uploads\/2024\/11\/e79ab747ba58d5018a6a40166c9d948c8e845509-sdg-tile-01-12x12.jpg 12w\" sizes=\"(max-width: 720px) 100vw, 720px\" \/>\t\t\t\t\t\t\t\t\t\t\t\t\t\t\t<\/div>\n\t\t\t\t<\/div>\n\t\t\t\t<\/div>\n\t\t\t\t\t<\/div>\n\t\t\t\t<\/div>\n\t\t<div class=\"elementor-element elementor-element-dfe0384 e-flex e-con-boxed e-con e-parent\" data-id=\"dfe0384\" data-element_type=\"container\" data-e-type=\"container\" data-settings=\"{&quot;background_background&quot;:&quot;classic&quot;}\">\n\t\t\t\t\t<div class=\"e-con-inner\">\n\t\t<div class=\"elementor-element elementor-element-348d46d e-con-full e-flex e-con e-child\" data-id=\"348d46d\" data-element_type=\"container\" data-e-type=\"container\">\n\t\t\t\t<div class=\"elementor-element elementor-element-e668f99 elementor-widget elementor-widget-heading\" data-id=\"e668f99\" data-element_type=\"widget\" data-e-type=\"widget\" data-widget_type=\"heading.default\">\n\t\t\t\t<div class=\"elementor-widget-container\">\n\t\t\t\t\t<h1 class=\"elementor-heading-title elementor-size-default\">Toutes les entreprises peuvent jouer un r\u00f4le<\/h1>\t\t\t\t<\/div>\n\t\t\t\t<\/div>\n\t\t\t\t<div class=\"elementor-element elementor-element-f6f652f elementor-widget elementor-widget-text-editor\" data-id=\"f6f652f\" data-element_type=\"widget\" data-e-type=\"widget\" data-widget_type=\"text-editor.default\">\n\t\t\t\t<div class=\"elementor-widget-container\">\n\t\t\t\t\t\t\t\t\t<p style=\"text-align: left;\">Quelle que soit leur taille et leur secteur d'activit\u00e9, toutes les entreprises peuvent contribuer \u00e0 la r\u00e9alisation des ODD. Si l'ampleur et la port\u00e9e des objectifs mondiaux sont sans pr\u00e9c\u00e9dent, les moyens fondamentaux par lesquels les entreprises peuvent y contribuer restent inchang\u00e9s. L'Organisation mondiale de l'innovation \u00e9conomique demande aux entreprises de commencer par faire des affaires de mani\u00e8re responsable, puis de saisir les occasions de r\u00e9soudre les probl\u00e8mes soci\u00e9taux gr\u00e2ce \u00e0 l'innovation et \u00e0 la collaboration.<\/p><p style=\"text-align: left;\">Les d\u00e9fis mondiaux - qui vont des crises climatiques, hydriques et alimentaires \u00e0 la pauvret\u00e9, aux conflits et aux in\u00e9galit\u00e9s - ont besoin de solutions que le secteur priv\u00e9 peut apporter, ce qui repr\u00e9sente un march\u00e9 important et croissant pour l'innovation commerciale. Dans la course \u00e0 la transformation des mod\u00e8les et syst\u00e8mes d'entreprise pour l'avenir, l'int\u00e9grit\u00e9 et les valeurs auront un r\u00f4le \u00e9norme \u00e0 jouer. Les entreprises qui souhaitent faire progresser l'agenda des ODD commencent par agir de mani\u00e8re responsable, en int\u00e9grant largement les principes d'innovation \u00e9conomique de l'Organisation mondiale de l'innovation \u00e9conomique dans leurs strat\u00e9gies et leurs op\u00e9rations, et en comprenant que les bonnes pratiques ou l'innovation dans un domaine ne peuvent pas compenser les dommages caus\u00e9s dans un autre domaine.<\/p>\t\t\t\t\t\t\t\t<\/div>\n\t\t\t\t<\/div>\n\t\t\t\t<div class=\"elementor-element elementor-element-3f6edf0 elementor-mobile-align-center elementor-widget elementor-widget-button\" data-id=\"3f6edf0\" data-element_type=\"widget\" data-e-type=\"widget\" data-widget_type=\"button.default\">\n\t\t\t\t<div class=\"elementor-widget-container\">\n\t\t\t\t\t\t\t\t\t<div class=\"elementor-button-wrapper\">\n\t\t\t\t\t<a class=\"elementor-button elementor-button-link elementor-size-sm\" href=\"http:\/\/unweo.org\/fr\/voyez-ce-que-vous-pouvez-faire\/\">\n\t\t\t\t\t\t<span class=\"elementor-button-content-wrapper\">\n\t\t\t\t\t\t\t\t\t<span class=\"elementor-button-text\">VOYEZ CE QUE VOUS POUVEZ FAIRE<\/span>\n\t\t\t\t\t<\/span>\n\t\t\t\t\t<\/a>\n\t\t\t\t<\/div>\n\t\t\t\t\t\t\t\t<\/div>\n\t\t\t\t<\/div>\n\t\t\t\t<\/div>\n\t\t<div class=\"elementor-element elementor-element-4508e0a e-con-full e-flex e-con e-child\" data-id=\"4508e0a\" data-element_type=\"container\" data-e-type=\"container\">\n\t\t\t\t<div class=\"elementor-element elementor-element-8c927e1 elementor-widget elementor-widget-image\" data-id=\"8c927e1\" data-element_type=\"widget\" data-e-type=\"widget\" data-widget_type=\"image.default\">\n\t\t\t\t<div class=\"elementor-widget-container\">\n\t\t\t\t\t\t\t\t\t\t\t\t\t\t\t<img decoding=\"async\" width=\"772\" height=\"798\" src=\"https:\/\/unweo.org\/wp-content\/uploads\/2024\/11\/sdg-round-1.png\" class=\"attachment-full size-full wp-image-2061\" alt=\"\" srcset=\"https:\/\/unweo.org\/wp-content\/uploads\/2024\/11\/sdg-round-1.png 772w, https:\/\/unweo.org\/wp-content\/uploads\/2024\/11\/sdg-round-1-290x300.png 290w, https:\/\/unweo.org\/wp-content\/uploads\/2024\/11\/sdg-round-1-768x794.png 768w, https:\/\/unweo.org\/wp-content\/uploads\/2024\/11\/sdg-round-1-12x12.png 12w\" sizes=\"(max-width: 772px) 100vw, 772px\" \/>\t\t\t\t\t\t\t\t\t\t\t\t\t\t\t<\/div>\n\t\t\t\t<\/div>\n\t\t\t\t<\/div>\n\t\t\t\t\t<\/div>\n\t\t\t\t<\/div>\n\t\t<div class=\"elementor-element elementor-element-0303a6d e-flex e-con-boxed e-con e-parent\" data-id=\"0303a6d\" data-element_type=\"container\" data-e-type=\"container\" data-settings=\"{&quot;background_background&quot;:&quot;classic&quot;}\">\n\t\t\t\t\t<div class=\"e-con-inner\">\n\t\t<div class=\"elementor-element elementor-element-ca43f43 e-con-full e-flex e-con e-child\" data-id=\"ca43f43\" data-element_type=\"container\" data-e-type=\"container\">\n\t\t\t\t<div class=\"elementor-element elementor-element-715a9ea elementor-widget elementor-widget-heading\" data-id=\"715a9ea\" data-element_type=\"widget\" data-e-type=\"widget\" data-widget_type=\"heading.default\">\n\t\t\t\t<div class=\"elementor-widget-container\">\n\t\t\t\t\t<h1 class=\"elementor-heading-title elementor-size-default\">L'aide \u00e0 l'innovation \u00e9conomique<\/h1>\t\t\t\t<\/div>\n\t\t\t\t<\/div>\n\t\t\t\t<div class=\"elementor-element elementor-element-c639b69 elementor-widget elementor-widget-text-editor\" data-id=\"c639b69\" data-element_type=\"widget\" data-e-type=\"widget\" data-widget_type=\"text-editor.default\">\n\t\t\t\t<div class=\"elementor-widget-container\">\n\t\t\t\t\t\t\t\t\t<p style=\"text-align: left;\">Gr\u00e2ce \u00e0 notre initiative \"Making Global Goals Local Economic Innovation\", nous faisons savoir que les entreprises qui exercent leurs activit\u00e9s de mani\u00e8re responsable et qui trouvent des occasions d'innover en mati\u00e8re de d\u00e9veloppement durable seront les chefs d'entreprise de demain. Pour passer de la prise de conscience \u00e0 l'action, l'Organisation mondiale de l'innovation \u00e9conomique offre aux participants un vaste r\u00e9seau comprenant des plateformes de solutions de nouvelle g\u00e9n\u00e9ration, un centre d'action commerciale en ligne Global-Bridge et des ressources qui aideront votre entreprise \u00e0 prendre des mesures pour atteindre les ODD.<\/p><p style=\"text-align: left;\">L'OIOE est particuli\u00e8rement bien \u00e9quip\u00e9e pour aider les entreprises tout au long de leur parcours vers le d\u00e9veloppement durable - des d\u00e9butants aux leaders - et nous fournissons un point d'entr\u00e9e pour votre entreprise pour chacun des 17 ODD.<\/p>\t\t\t\t\t\t\t\t<\/div>\n\t\t\t\t<\/div>\n\t\t\t\t<div class=\"elementor-element elementor-element-1b9675e elementor-mobile-align-center elementor-widget elementor-widget-button\" data-id=\"1b9675e\" data-element_type=\"widget\" data-e-type=\"widget\" data-widget_type=\"button.default\">\n\t\t\t\t<div class=\"elementor-widget-container\">\n\t\t\t\t\t\t\t\t\t<div class=\"elementor-button-wrapper\">\n\t\t\t\t\t<a class=\"elementor-button elementor-button-link elementor-size-sm\" href=\"http:\/\/unweo.org\/fr\/rejoignez-les-objectifs-mondiaux\/\">\n\t\t\t\t\t\t<span class=\"elementor-button-content-wrapper\">\n\t\t\t\t\t\t\t\t\t<span class=\"elementor-button-text\">REJOIGNEZ LES OBJECTIFS MONDIAUX<\/span>\n\t\t\t\t\t<\/span>\n\t\t\t\t\t<\/a>\n\t\t\t\t<\/div>\n\t\t\t\t\t\t\t\t<\/div>\n\t\t\t\t<\/div>\n\t\t\t\t<\/div>\n\t\t<div class=\"elementor-element elementor-element-164edf3 e-con-full e-flex e-con e-child\" data-id=\"164edf3\" data-element_type=\"container\" data-e-type=\"container\">\n\t\t\t\t<div class=\"elementor-element elementor-element-ea2c44c elementor-widget elementor-widget-image\" data-id=\"ea2c44c\" data-element_type=\"widget\" data-e-type=\"widget\" data-widget_type=\"image.default\">\n\t\t\t\t<div class=\"elementor-widget-container\">\n\t\t\t\t\t\t\t\t\t\t\t\t\t\t\t<img decoding=\"async\" width=\"500\" height=\"500\" src=\"https:\/\/unweo.org\/wp-content\/uploads\/2024\/11\/SDGs_PNG.png\" class=\"attachment-large size-large wp-image-2044\" alt=\"\" srcset=\"https:\/\/unweo.org\/wp-content\/uploads\/2024\/11\/SDGs_PNG.png 500w, https:\/\/unweo.org\/wp-content\/uploads\/2024\/11\/SDGs_PNG-300x300.png 300w, https:\/\/unweo.org\/wp-content\/uploads\/2024\/11\/SDGs_PNG-150x150.png 150w, https:\/\/unweo.org\/wp-content\/uploads\/2024\/11\/SDGs_PNG-12x12.png 12w\" sizes=\"(max-width: 500px) 100vw, 500px\" \/>\t\t\t\t\t\t\t\t\t\t\t\t\t\t\t<\/div>\n\t\t\t\t<\/div>\n\t\t\t\t<\/div>\n\t\t\t\t\t<\/div>\n\t\t\t\t<\/div>\n\t\t\t\t<\/div>","protected":false},"excerpt":{"rendered":"<p>Global Goals for people and planet The Sustainable Development Goals provide a powerful aspiration for improving our world &#8211; laying out where we collectively need to go and how to get there. The SDGs Explained for Business In September 2015, all 193 Member States of the United Nations adopted a plan for achieving a better [&hellip;]<\/p>\n","protected":false},"author":3,"featured_media":0,"parent":0,"menu_order":0,"comment_status":"closed","ping_status":"closed","template":"","meta":{"site-sidebar-layout":"no-sidebar","site-content-layout":"page-builder","ast-site-content-layout":"full-width-container","site-content-style":"default","site-sidebar-style":"default","ast-global-header-display":"","ast-banner-title-visibility":"","ast-main-header-display":"","ast-hfb-above-header-display":"","ast-hfb-below-header-display":"","ast-hfb-mobile-header-display":"","site-post-title":"disabled","ast-breadcrumbs-content":"","ast-featured-img":"disabled","footer-sml-layout":"","ast-disable-related-posts":"","theme-transparent-header-meta":"","adv-header-id-meta":"","stick-header-meta":"","header-above-stick-meta":"","header-main-stick-meta":"","header-below-stick-meta":"","astra-migrate-meta-layouts":"default","ast-page-background-enabled":"default","ast-page-background-meta":{"desktop":{"background-color":"","background-image":"","background-repeat":"repeat","background-position":"center center","background-size":"auto","background-attachment":"scroll","background-type":"","background-media":"","overlay-type":"","overlay-color":"","overlay-opacity":"","overlay-gradient":""},"tablet":{"background-color":"","background-image":"","background-repeat":"repeat","background-position":"center center","background-size":"auto","background-attachment":"scroll","background-type":"","background-media":"","overlay-type":"","overlay-color":"","overlay-opacity":"","overlay-gradient":""},"mobile":{"background-color":"","background-image":"","background-repeat":"repeat","background-position":"center center","background-size":"auto","background-attachment":"scroll","background-type":"","background-media":"","overlay-type":"","overlay-color":"","overlay-opacity":"","overlay-gradient":""}},"ast-content-background-meta":{"desktop":{"background-color":"var(--ast-global-color-5)","background-image":"","background-repeat":"repeat","background-position":"center center","background-size":"auto","background-attachment":"scroll","background-type":"","background-media":"","overlay-type":"","overlay-color":"","overlay-opacity":"","overlay-gradient":""},"tablet":{"background-color":"var(--ast-global-color-5)","background-image":"","background-repeat":"repeat","background-position":"center center","background-size":"auto","background-attachment":"scroll","background-type":"","background-media":"","overlay-type":"","overlay-color":"","overlay-opacity":"","overlay-gradient":""},"mobile":{"background-color":"var(--ast-global-color-5)","background-image":"","background-repeat":"repeat","background-position":"center center","background-size":"auto","background-attachment":"scroll","background-type":"","background-media":"","overlay-type":"","overlay-color":"","overlay-opacity":"","overlay-gradient":""}},"footnotes":""},"class_list":["post-1981","page","type-page","status-publish","hentry"],"_links":{"self":[{"href":"http:\/\/unweo.org\/fr\/wp-json\/wp\/v2\/pages\/1981","targetHints":{"allow":["GET"]}}],"collection":[{"href":"http:\/\/unweo.org\/fr\/wp-json\/wp\/v2\/pages"}],"about":[{"href":"http:\/\/unweo.org\/fr\/wp-json\/wp\/v2\/types\/page"}],"author":[{"embeddable":true,"href":"http:\/\/unweo.org\/fr\/wp-json\/wp\/v2\/users\/3"}],"replies":[{"embeddable":true,"href":"http:\/\/unweo.org\/fr\/wp-json\/wp\/v2\/comments?post=1981"}],"version-history":[{"count":79,"href":"http:\/\/unweo.org\/fr\/wp-json\/wp\/v2\/pages\/1981\/revisions"}],"predecessor-version":[{"id":2797,"href":"http:\/\/unweo.org\/fr\/wp-json\/wp\/v2\/pages\/1981\/revisions\/2797"}],"wp:attachment":[{"href":"http:\/\/unweo.org\/fr\/wp-json\/wp\/v2\/media?parent=1981"}],"curies":[{"name":"wp","href":"https:\/\/api.w.org\/{rel}","templated":true}]}}