{"id":2015,"date":"2024-11-29T18:39:18","date_gmt":"2024-11-29T18:39:18","guid":{"rendered":"http:\/\/unweo.org\/?page_id=2015"},"modified":"2025-12-28T14:57:05","modified_gmt":"2025-12-28T14:57:05","slug":"promouvoir-le-developpement-durable","status":"publish","type":"page","link":"http:\/\/unweo.org\/fr\/promouvoir-le-developpement-durable\/","title":{"rendered":"Promouvoir le d\u00e9veloppement durable"},"content":{"rendered":"<div data-elementor-type=\"wp-page\" data-elementor-id=\"2015\" class=\"elementor elementor-2015\" data-elementor-post-type=\"page\">\n\t\t\t\t<div class=\"elementor-element elementor-element-3f4ee8d9 e-flex e-con-boxed e-con e-parent\" data-id=\"3f4ee8d9\" data-element_type=\"container\" data-e-type=\"container\" data-settings=\"{&quot;background_background&quot;:&quot;classic&quot;}\">\n\t\t\t\t\t<div class=\"e-con-inner\">\n\t\t<div class=\"elementor-element elementor-element-a6b8d75 e-con-full e-flex e-con e-child\" data-id=\"a6b8d75\" data-element_type=\"container\" data-e-type=\"container\">\n\t\t\t\t<div class=\"elementor-element elementor-element-26424425 elementor-widget elementor-widget-heading\" data-id=\"26424425\" data-element_type=\"widget\" data-e-type=\"widget\" data-widget_type=\"heading.default\">\n\t\t\t\t<div class=\"elementor-widget-container\">\n\t\t\t\t\t<h1 class=\"elementor-heading-title elementor-size-default\">Objectifs mondiaux pour les personnes et la plan\u00e8te<\/h1>\t\t\t\t<\/div>\n\t\t\t\t<\/div>\n\t\t\t\t<div class=\"elementor-element elementor-element-382c7637 elementor-widget elementor-widget-text-editor\" data-id=\"382c7637\" data-element_type=\"widget\" data-e-type=\"widget\" data-widget_type=\"text-editor.default\">\n\t\t\t\t<div class=\"elementor-widget-container\">\n\t\t\t\t\t\t\t\t\t<p>Les objectifs de d\u00e9veloppement durable constituent une aspiration puissante \u00e0 l'am\u00e9lioration de notre monde. Ils d\u00e9finissent les objectifs que nous devons atteindre collectivement et les moyens d'y parvenir.<\/p>\t\t\t\t\t\t\t\t<\/div>\n\t\t\t\t<\/div>\n\t\t\t\t<\/div>\n\t\t\t\t\t<\/div>\n\t\t\t\t<\/div>\n\t\t<div class=\"elementor-element elementor-element-41a4613f e-con-full e-flex e-con e-parent\" data-id=\"41a4613f\" data-element_type=\"container\" data-e-type=\"container\" data-settings=\"{&quot;background_background&quot;:&quot;gradient&quot;}\">\n\t\t<div class=\"elementor-element elementor-element-bb1a004 e-con-full e-flex e-con e-child\" data-id=\"bb1a004\" data-element_type=\"container\" data-e-type=\"container\">\n\t\t\t\t<div class=\"elementor-element elementor-element-11d9d37d elementor-widget__width-inherit elementor-widget-divider--view-line elementor-invisible elementor-widget elementor-widget-divider\" data-id=\"11d9d37d\" data-element_type=\"widget\" data-e-type=\"widget\" data-settings=\"{&quot;_animation&quot;:&quot;fadeInLeft&quot;}\" data-widget_type=\"divider.default\">\n\t\t\t\t<div class=\"elementor-widget-container\">\n\t\t\t\t\t\t\t<div class=\"elementor-divider\">\n\t\t\t<span class=\"elementor-divider-separator\">\n\t\t\t\t\t\t<\/span>\n\t\t<\/div>\n\t\t\t\t\t\t<\/div>\n\t\t\t\t<\/div>\n\t\t\t\t<div class=\"elementor-element elementor-element-1e011a6a elementor-widget__width-initial elementor-widget-tablet__width-inherit elementor-widget elementor-widget-heading\" data-id=\"1e011a6a\" data-element_type=\"widget\" data-e-type=\"widget\" data-widget_type=\"heading.default\">\n\t\t\t\t<div class=\"elementor-widget-container\">\n\t\t\t\t\t<h2 class=\"elementor-heading-title elementor-size-default\">Promouvoir le d\u00e9veloppement durable<\/h2>\t\t\t\t<\/div>\n\t\t\t\t<\/div>\n\t\t\t\t<div class=\"elementor-element elementor-element-6347c2ef elementor-widget__width-initial elementor-widget-tablet__width-inherit elementor-widget elementor-widget-text-editor\" data-id=\"6347c2ef\" data-element_type=\"widget\" data-e-type=\"widget\" data-widget_type=\"text-editor.default\">\n\t\t\t\t<div class=\"elementor-widget-container\">\n\t\t\t\t\t\t\t\t\t<p>Le paysage commercial actuel se caract\u00e9rise par un m\u00e9lange complexe, acc\u00e9l\u00e9r\u00e9 et sans pr\u00e9c\u00e9dent de risques et d'opportunit\u00e9s. L'ensemble de votre march\u00e9 peut \u00eatre boulevers\u00e9 en peu de temps par d'innombrables facteurs, qu'il s'agisse d'une nouvelle technologie ou d'une p\u00e9nurie soudaine de ressources naturelles. De nouveaux march\u00e9s \u00e9mergent rapidement en raison de m\u00e9gatendances telles que la croissance d\u00e9mographique, la p\u00e9nurie de ressources ou les risques sanitaires mondiaux. Dans le m\u00eame temps, les consommateurs et les investisseurs sont mieux inform\u00e9s que jamais et veulent que les entreprises assument leurs responsabilit\u00e9s face \u00e0 la pression que subissent notre plan\u00e8te et sa population.<\/p><p>Les chefs d'entreprise et les investisseurs qui ont une longueur d'avance comprennent de mieux en mieux qu'il ne suffit pas pour les entreprises de se pr\u00e9occuper uniquement des b\u00e9n\u00e9fices \u00e0 court terme, car les catastrophes naturelles, les troubles sociaux ou les disparit\u00e9s \u00e9conomiques peuvent nuire \u00e0 la prosp\u00e9rit\u00e9 \u00e0 long terme. Les entreprises qui comprennent ce d\u00e9fi et agissent auront une longueur d'avance.<\/p><p>Le 1er janvier 2016, les 17 objectifs de d\u00e9veloppement durable (ODD) du Programme de d\u00e9veloppement durable \u00e0 l'horizon 2030 - adopt\u00e9s par les dirigeants mondiaux en septembre 2015 lors d'un sommet historique des Nations unies - sont officiellement entr\u00e9s en vigueur. Au cours des quinze prochaines ann\u00e9es, gr\u00e2ce \u00e0 ces nouveaux objectifs qui s'appliquent universellement \u00e0 tous, les pays mobiliseront leurs efforts pour mettre fin \u00e0 toutes les formes de pauvret\u00e9, lutter contre les in\u00e9galit\u00e9s et s'attaquer au changement climatique, tout en veillant \u00e0 ce que personne ne soit laiss\u00e9 pour compte.<\/p><p>Il est clair que les ODD ne se contentent pas d'indiquer o\u00f9 nous devrons \u00eatre en 2030 pour cr\u00e9er un monde durable, ils d\u00e9finissent \u00e9galement de nouveaux march\u00e9s et de nouvelles opportunit\u00e9s pour les entreprises du monde entier. Pour r\u00e9ussir, nous devons transformer les objectifs mondiaux en affaires locales. L'Organisation mondiale de l'innovation \u00e9conomique s'engage \u00e0 \u00eatre un catalyseur de premier plan de cette transformation. Nous mettrons nos capacit\u00e9s et notre r\u00e9seau mondial au service de cette transformation, en nous appuyant sur les valeurs et les principes solides sur lesquels repose l'Organisation mondiale de l'innovation \u00e9conomique.<\/p>\t\t\t\t\t\t\t\t<\/div>\n\t\t\t\t<\/div>\n\t\t\t\t<\/div>\n\t\t\t\t<\/div>\n\t\t\t\t<\/div>","protected":false},"excerpt":{"rendered":"<p>Global Goals for people and planet The Sustainable Development Goals provide a powerful aspiration for improving our world &#8211; laying out where we collectively need to go and how to get there. Advancing Sustainable Development Today\u2019s business landscape is characterized by an unprecedented, accelerating and complex mix of risks and opportunities. Your entire market can [&hellip;]<\/p>\n","protected":false},"author":3,"featured_media":0,"parent":0,"menu_order":0,"comment_status":"closed","ping_status":"closed","template":"","meta":{"site-sidebar-layout":"no-sidebar","site-content-layout":"page-builder","ast-site-content-layout":"full-width-container","site-content-style":"default","site-sidebar-style":"default","ast-global-header-display":"","ast-banner-title-visibility":"","ast-main-header-display":"","ast-hfb-above-header-display":"","ast-hfb-below-header-display":"","ast-hfb-mobile-header-display":"","site-post-title":"disabled","ast-breadcrumbs-content":"","ast-featured-img":"disabled","footer-sml-layout":"","ast-disable-related-posts":"","theme-transparent-header-meta":"","adv-header-id-meta":"","stick-header-meta":"","header-above-stick-meta":"","header-main-stick-meta":"","header-below-stick-meta":"","astra-migrate-meta-layouts":"default","ast-page-background-enabled":"default","ast-page-background-meta":{"desktop":{"background-color":"","background-image":"","background-repeat":"repeat","background-position":"center center","background-size":"auto","background-attachment":"scroll","background-type":"","background-media":"","overlay-type":"","overlay-color":"","overlay-opacity":"","overlay-gradient":""},"tablet":{"background-color":"","background-image":"","background-repeat":"repeat","background-position":"center center","background-size":"auto","background-attachment":"scroll","background-type":"","background-media":"","overlay-type":"","overlay-color":"","overlay-opacity":"","overlay-gradient":""},"mobile":{"background-color":"","background-image":"","background-repeat":"repeat","background-position":"center center","background-size":"auto","background-attachment":"scroll","background-type":"","background-media":"","overlay-type":"","overlay-color":"","overlay-opacity":"","overlay-gradient":""}},"ast-content-background-meta":{"desktop":{"background-color":"var(--ast-global-color-5)","background-image":"","background-repeat":"repeat","background-position":"center center","background-size":"auto","background-attachment":"scroll","background-type":"","background-media":"","overlay-type":"","overlay-color":"","overlay-opacity":"","overlay-gradient":""},"tablet":{"background-color":"var(--ast-global-color-5)","background-image":"","background-repeat":"repeat","background-position":"center center","background-size":"auto","background-attachment":"scroll","background-type":"","background-media":"","overlay-type":"","overlay-color":"","overlay-opacity":"","overlay-gradient":""},"mobile":{"background-color":"var(--ast-global-color-5)","background-image":"","background-repeat":"repeat","background-position":"center center","background-size":"auto","background-attachment":"scroll","background-type":"","background-media":"","overlay-type":"","overlay-color":"","overlay-opacity":"","overlay-gradient":""}},"footnotes":""},"class_list":["post-2015","page","type-page","status-publish","hentry"],"_links":{"self":[{"href":"http:\/\/unweo.org\/fr\/wp-json\/wp\/v2\/pages\/2015","targetHints":{"allow":["GET"]}}],"collection":[{"href":"http:\/\/unweo.org\/fr\/wp-json\/wp\/v2\/pages"}],"about":[{"href":"http:\/\/unweo.org\/fr\/wp-json\/wp\/v2\/types\/page"}],"author":[{"embeddable":true,"href":"http:\/\/unweo.org\/fr\/wp-json\/wp\/v2\/users\/3"}],"replies":[{"embeddable":true,"href":"http:\/\/unweo.org\/fr\/wp-json\/wp\/v2\/comments?post=2015"}],"version-history":[{"count":21,"href":"http:\/\/unweo.org\/fr\/wp-json\/wp\/v2\/pages\/2015\/revisions"}],"predecessor-version":[{"id":2800,"href":"http:\/\/unweo.org\/fr\/wp-json\/wp\/v2\/pages\/2015\/revisions\/2800"}],"wp:attachment":[{"href":"http:\/\/unweo.org\/fr\/wp-json\/wp\/v2\/media?parent=2015"}],"curies":[{"name":"wp","href":"https:\/\/api.w.org\/{rel}","templated":true}]}}