{"id":8,"date":"2024-11-23T07:18:56","date_gmt":"2024-11-23T07:18:56","guid":{"rendered":"http:\/\/unweo.org\/?page_id=8"},"modified":"2025-12-28T14:07:13","modified_gmt":"2025-12-28T14:07:13","slug":"a-propos-de-nous","status":"publish","type":"page","link":"http:\/\/unweo.org\/fr\/a-propos-de-nous\/","title":{"rendered":"\u00c0 propos de nous"},"content":{"rendered":"<div data-elementor-type=\"wp-post\" data-elementor-id=\"8\" class=\"elementor elementor-8\" data-elementor-post-type=\"page\">\n\t\t\t\t<div class=\"elementor-element elementor-element-a77760e e-flex e-con-boxed e-con e-parent\" data-id=\"a77760e\" data-element_type=\"container\" data-e-type=\"container\" data-settings=\"{&quot;background_background&quot;:&quot;classic&quot;}\">\n\t\t\t\t\t<div class=\"e-con-inner\">\n\t\t<div class=\"elementor-element elementor-element-c983c45 e-con-full e-flex e-con e-child\" data-id=\"c983c45\" data-element_type=\"container\" data-e-type=\"container\">\n\t\t\t\t<div class=\"elementor-element elementor-element-3033cab elementor-widget elementor-widget-heading\" data-id=\"3033cab\" data-element_type=\"widget\" data-e-type=\"widget\" data-widget_type=\"heading.default\">\n\t\t\t\t<div class=\"elementor-widget-container\">\n\t\t\t\t\t<h1 class=\"elementor-heading-title elementor-size-default\">\u00c0 propos de nous<\/h1>\t\t\t\t<\/div>\n\t\t\t\t<\/div>\n\t\t\t\t<div class=\"elementor-element elementor-element-25b92db elementor-widget elementor-widget-text-editor\" data-id=\"25b92db\" data-element_type=\"widget\" data-e-type=\"widget\" data-widget_type=\"text-editor.default\">\n\t\t\t\t<div class=\"elementor-widget-container\">\n\t\t\t\t\t\t\t\t\t<p>En s'engageant en faveur de l'innovation \u00e9conomique durable, les entreprises peuvent partager la responsabilit\u00e9 d'un monde meilleur.<\/p>\t\t\t\t\t\t\t\t<\/div>\n\t\t\t\t<\/div>\n\t\t\t\t<\/div>\n\t\t\t\t\t<\/div>\n\t\t\t\t<\/div>\n\t\t<div class=\"elementor-element elementor-element-6929996 e-flex e-con-boxed e-con e-parent\" data-id=\"6929996\" data-element_type=\"container\" data-e-type=\"container\" data-settings=\"{&quot;background_background&quot;:&quot;classic&quot;}\">\n\t\t\t\t\t<div class=\"e-con-inner\">\n\t\t<div class=\"elementor-element elementor-element-64648da e-con-full e-flex e-con e-child\" data-id=\"64648da\" data-element_type=\"container\" data-e-type=\"container\">\n\t\t\t\t<div class=\"elementor-element elementor-element-a94bef4 elementor-widget elementor-widget-heading\" data-id=\"a94bef4\" data-element_type=\"widget\" data-e-type=\"widget\" data-widget_type=\"heading.default\">\n\t\t\t\t<div class=\"elementor-widget-container\">\n\t\t\t\t\t<h2 class=\"elementor-heading-title elementor-size-default\">Qui sommes-nous ?<\/h2>\t\t\t\t<\/div>\n\t\t\t\t<\/div>\n\t\t\t\t<div class=\"elementor-element elementor-element-9e52f4a elementor-widget elementor-widget-text-editor\" data-id=\"9e52f4a\" data-element_type=\"widget\" data-e-type=\"widget\" data-widget_type=\"text-editor.default\">\n\t\t\t\t<div class=\"elementor-widget-container\">\n\t\t\t\t\t\t\t\t\t<p>L'Organisation mondiale de l'innovation \u00e9conomique (OMEI) est l'agence publique charg\u00e9e de promouvoir une innovation \u00e9conomique mondiale responsable, durable et accessible \u00e0 tous.<\/p><p>L'OIEO travaille avec les gouvernements, les ONG, les soci\u00e9t\u00e9s civiles, les universit\u00e9s et les entreprises dans le domaine du d\u00e9veloppement \u00e9conomique durable afin de promouvoir l'innovation \u00e9conomique en tant que moteur de la croissance \u00e9conomique, du d\u00e9veloppement inclusif et de la durabilit\u00e9 environnementale et d'offrir un leadership et un soutien au secteur en faisant progresser les politiques de connaissance et d'innovation \u00e9conomique dans le monde entier.<\/p>\t\t\t\t\t\t\t\t<\/div>\n\t\t\t\t<\/div>\n\t\t\t\t<div class=\"elementor-element elementor-element-00d4026 elementor-mobile-align-left elementor-widget elementor-widget-button\" data-id=\"00d4026\" data-element_type=\"widget\" data-e-type=\"widget\" data-widget_type=\"button.default\">\n\t\t\t\t<div class=\"elementor-widget-container\">\n\t\t\t\t\t\t\t\t\t<div class=\"elementor-button-wrapper\">\n\t\t\t\t\t<a class=\"elementor-button elementor-button-link elementor-size-sm\" href=\"http:\/\/unweo.org\/fr\/qui-nous-sommes\/\">\n\t\t\t\t\t\t<span class=\"elementor-button-content-wrapper\">\n\t\t\t\t\t\t<span class=\"elementor-button-icon\">\n\t\t\t\t<svg aria-hidden=\"true\" class=\"e-font-icon-svg e-fas-long-arrow-alt-right\" viewbox=\"0 0 448 512\" xmlns=\"http:\/\/www.w3.org\/2000\/svg\"><path d=\"M313.941 216H12c-6.627 0-12 5.373-12 12v56c0 6.627 5.373 12 12 12h301.941v46.059c0 21.382 25.851 32.09 40.971 16.971l86.059-86.059c9.373-9.373 9.373-24.569 0-33.941l-86.059-86.059c-15.119-15.119-40.971-4.411-40.971 16.971V216z\"><\/path><\/svg>\t\t\t<\/span>\n\t\t\t\t\t\t\t\t\t<span class=\"elementor-button-text\">En savoir plus<\/span>\n\t\t\t\t\t<\/span>\n\t\t\t\t\t<\/a>\n\t\t\t\t<\/div>\n\t\t\t\t\t\t\t\t<\/div>\n\t\t\t\t<\/div>\n\t\t\t\t<\/div>\n\t\t<div class=\"elementor-element elementor-element-5c0a501 e-con-full e-flex e-con e-child\" data-id=\"5c0a501\" data-element_type=\"container\" data-e-type=\"container\" data-settings=\"{&quot;background_background&quot;:&quot;classic&quot;}\">\n\t\t\t\t<div class=\"elementor-element elementor-element-2a7c0c4 elementor-widget elementor-widget-image\" data-id=\"2a7c0c4\" data-element_type=\"widget\" data-e-type=\"widget\" data-widget_type=\"image.default\">\n\t\t\t\t<div class=\"elementor-widget-container\">\n\t\t\t\t\t\t\t\t\t\t\t\t\t\t\t<img fetchpriority=\"high\" decoding=\"async\" width=\"1472\" height=\"981\" src=\"http:\/\/unweo.org\/wp-content\/uploads\/2024\/11\/global-1.jpg\" class=\"attachment-full size-full wp-image-1550\" alt=\"\" srcset=\"http:\/\/unweo.org\/wp-content\/uploads\/2024\/11\/global-1.jpg 1472w, http:\/\/unweo.org\/wp-content\/uploads\/2024\/11\/global-1-300x200.jpg 300w, http:\/\/unweo.org\/wp-content\/uploads\/2024\/11\/global-1-1024x682.jpg 1024w, http:\/\/unweo.org\/wp-content\/uploads\/2024\/11\/global-1-768x512.jpg 768w, http:\/\/unweo.org\/wp-content\/uploads\/2024\/11\/global-1-18x12.jpg 18w\" sizes=\"(max-width: 1472px) 100vw, 1472px\" \/>\t\t\t\t\t\t\t\t\t\t\t\t\t\t\t<\/div>\n\t\t\t\t<\/div>\n\t\t\t\t<\/div>\n\t\t\t\t\t<\/div>\n\t\t\t\t<\/div>\n\t\t<div class=\"elementor-element elementor-element-c05b6aa e-flex e-con-boxed e-con e-parent\" data-id=\"c05b6aa\" data-element_type=\"container\" data-e-type=\"container\" data-settings=\"{&quot;background_background&quot;:&quot;gradient&quot;}\">\n\t\t\t\t\t<div class=\"e-con-inner\">\n\t\t<div class=\"elementor-element elementor-element-43f8782 e-con-full e-flex e-con e-child\" data-id=\"43f8782\" data-element_type=\"container\" data-e-type=\"container\" data-settings=\"{&quot;background_background&quot;:&quot;classic&quot;}\">\n\t\t\t\t<div class=\"elementor-element elementor-element-322cc96 elementor-widget elementor-widget-image\" data-id=\"322cc96\" data-element_type=\"widget\" data-e-type=\"widget\" data-widget_type=\"image.default\">\n\t\t\t\t<div class=\"elementor-widget-container\">\n\t\t\t\t\t\t\t\t\t\t\t\t\t\t\t<img decoding=\"async\" width=\"683\" height=\"1024\" src=\"http:\/\/unweo.org\/wp-content\/uploads\/2024\/11\/concept-683x1024.jpg\" class=\"attachment-large size-large wp-image-1507\" alt=\"\" srcset=\"http:\/\/unweo.org\/wp-content\/uploads\/2024\/11\/concept-683x1024.jpg 683w, http:\/\/unweo.org\/wp-content\/uploads\/2024\/11\/concept-200x300.jpg 200w, http:\/\/unweo.org\/wp-content\/uploads\/2024\/11\/concept-768x1152.jpg 768w, http:\/\/unweo.org\/wp-content\/uploads\/2024\/11\/concept-1024x1536.jpg 1024w, http:\/\/unweo.org\/wp-content\/uploads\/2024\/11\/concept-1365x2048.jpg 1365w, http:\/\/unweo.org\/wp-content\/uploads\/2024\/11\/concept-8x12.jpg 8w, http:\/\/unweo.org\/wp-content\/uploads\/2024\/11\/concept.jpg 1480w\" sizes=\"(max-width: 683px) 100vw, 683px\" \/>\t\t\t\t\t\t\t\t\t\t\t\t\t\t\t<\/div>\n\t\t\t\t<\/div>\n\t\t\t\t<\/div>\n\t\t<div class=\"elementor-element elementor-element-6697822 e-con-full e-flex e-con e-child\" data-id=\"6697822\" data-element_type=\"container\" data-e-type=\"container\" data-settings=\"{&quot;background_background&quot;:&quot;classic&quot;}\">\n\t\t\t\t<div class=\"elementor-element elementor-element-13aa028 elementor-widget elementor-widget-heading\" data-id=\"13aa028\" data-element_type=\"widget\" data-e-type=\"widget\" data-widget_type=\"heading.default\">\n\t\t\t\t<div class=\"elementor-widget-container\">\n\t\t\t\t\t<h3 class=\"elementor-heading-title elementor-size-default\">Ce que nous d\u00e9fendons<\/h3>\t\t\t\t<\/div>\n\t\t\t\t<\/div>\n\t\t\t\t<div class=\"elementor-element elementor-element-10471cc elementor-widget elementor-widget-text-editor\" data-id=\"10471cc\" data-element_type=\"widget\" data-e-type=\"widget\" data-widget_type=\"text-editor.default\">\n\t\t\t\t<div class=\"elementor-widget-container\">\n\t\t\t\t\t\t\t\t\t<p>Notre ambition est de : Acc\u00e9l\u00e9rer et amplifier l'impact collectif mondial des entreprises en soutenant l'innovation \u00e9conomique et en r\u00e9alisant les ODD par le biais d'agences responsables et d'\u00e9cosyst\u00e8mes qui favorisent le changement.<\/p>\t\t\t\t\t\t\t\t<\/div>\n\t\t\t\t<\/div>\n\t\t\t\t<div class=\"elementor-element elementor-element-66b014c elementor-widget elementor-widget-button\" data-id=\"66b014c\" data-element_type=\"widget\" data-e-type=\"widget\" data-widget_type=\"button.default\">\n\t\t\t\t<div class=\"elementor-widget-container\">\n\t\t\t\t\t\t\t\t\t<div class=\"elementor-button-wrapper\">\n\t\t\t\t\t<a class=\"elementor-button elementor-button-link elementor-size-sm\" href=\"http:\/\/unweo.org\/fr\/ce-que-nous-defendons\/\">\n\t\t\t\t\t\t<span class=\"elementor-button-content-wrapper\">\n\t\t\t\t\t\t<span class=\"elementor-button-icon\">\n\t\t\t\t<svg aria-hidden=\"true\" class=\"e-font-icon-svg e-fas-long-arrow-alt-right\" viewbox=\"0 0 448 512\" xmlns=\"http:\/\/www.w3.org\/2000\/svg\"><path d=\"M313.941 216H12c-6.627 0-12 5.373-12 12v56c0 6.627 5.373 12 12 12h301.941v46.059c0 21.382 25.851 32.09 40.971 16.971l86.059-86.059c9.373-9.373 9.373-24.569 0-33.941l-86.059-86.059c-15.119-15.119-40.971-4.411-40.971 16.971V216z\"><\/path><\/svg>\t\t\t<\/span>\n\t\t\t\t\t\t\t\t\t<span class=\"elementor-button-text\">En savoir plus<\/span>\n\t\t\t\t\t<\/span>\n\t\t\t\t\t<\/a>\n\t\t\t\t<\/div>\n\t\t\t\t\t\t\t\t<\/div>\n\t\t\t\t<\/div>\n\t\t\t\t<\/div>\n\t\t\t\t\t<\/div>\n\t\t\t\t<\/div>\n\t\t<div class=\"elementor-element elementor-element-cb739e9 e-flex e-con-boxed e-con e-parent\" data-id=\"cb739e9\" data-element_type=\"container\" data-e-type=\"container\" data-settings=\"{&quot;background_background&quot;:&quot;classic&quot;}\">\n\t\t\t\t\t<div class=\"e-con-inner\">\n\t\t<div class=\"elementor-element elementor-element-f497b0d e-con-full e-flex e-con e-child\" data-id=\"f497b0d\" data-element_type=\"container\" data-e-type=\"container\">\n\t\t\t\t<div class=\"elementor-element elementor-element-8b208f6 elementor-widget elementor-widget-heading\" data-id=\"8b208f6\" data-element_type=\"widget\" data-e-type=\"widget\" data-widget_type=\"heading.default\">\n\t\t\t\t<div class=\"elementor-widget-container\">\n\t\t\t\t\t<h2 class=\"elementor-heading-title elementor-size-default\">Ce que nous faisons<\/h2>\t\t\t\t<\/div>\n\t\t\t\t<\/div>\n\t\t\t\t<\/div>\n\t\t\t\t\t<\/div>\n\t\t\t\t<\/div>\n\t\t<div class=\"elementor-element elementor-element-31ed09a6 e-con-full e-flex e-con e-parent\" data-id=\"31ed09a6\" data-element_type=\"container\" data-e-type=\"container\" data-settings=\"{&quot;background_background&quot;:&quot;classic&quot;}\">\n\t\t\t\t<div class=\"elementor-element elementor-element-6da691fe elementor-cta--skin-cover elementor-cta--valign-bottom elementor-widget__width-initial elementor-invisible elementor-widget elementor-widget-call-to-action\" data-id=\"6da691fe\" data-element_type=\"widget\" data-e-type=\"widget\" data-settings=\"{&quot;_animation&quot;:&quot;fadeInUp&quot;}\" data-widget_type=\"call-to-action.default\">\n\t\t\t\t<div class=\"elementor-widget-container\">\n\t\t\t\t\t\t\t<div class=\"elementor-cta\">\n\t\t\t\t\t<div class=\"elementor-cta__bg-wrapper\">\n\t\t\t\t<div class=\"elementor-cta__bg elementor-bg\" style=\"background-image: url(http:\/\/unweo.org\/wp-content\/uploads\/2024\/11\/world-a.tif);\" role=\"img\" aria-label=\"monde-a\"><\/div>\n\t\t\t\t<div class=\"elementor-cta__bg-overlay\"><\/div>\n\t\t\t<\/div>\n\t\t\t\t\t\t\t<div class=\"elementor-cta__content\">\n\t\t\t\t\n\t\t\t\t\t\t\t\t\t<span class=\"elementor-cta__title elementor-cta__content-item elementor-content-item\">\n\t\t\t\t\t\tInnovation \u00e9conomique <br>D\u00e9veloppement\t\t\t\t\t<\/span>\n\t\t\t\t\n\t\t\t\t\t\t\t\t\t<div class=\"elementor-cta__description elementor-cta__content-item elementor-content-item\">\n\t\t\t\t\t\tL'innovation \u00e9conomique consiste \u00e0 \u00e9tendre la richesse du d\u00e9veloppement durable, plut\u00f4t que simplement la richesse de l'\u00e9conomie dans laquelle vivent les agences. Il s'agit d'une approche ax\u00e9e sur les objectifs de d\u00e9veloppement durable, ainsi que sur les possibilit\u00e9s et les choix qu'ils offrent.\t\t\t\t\t<\/div>\n\t\t\t\t\n\t\t\t\t\t\t\t<\/div>\n\t\t\t\t\t\t<\/div>\n\t\t\t\t\t\t<\/div>\n\t\t\t\t<\/div>\n\t\t\t\t<div class=\"elementor-element elementor-element-1a1e4a8d elementor-cta--skin-cover elementor-cta--valign-bottom elementor-widget__width-initial elementor-invisible elementor-widget elementor-widget-call-to-action\" data-id=\"1a1e4a8d\" data-element_type=\"widget\" data-e-type=\"widget\" data-settings=\"{&quot;_animation&quot;:&quot;fadeInUp&quot;,&quot;_animation_delay&quot;:&quot;100&quot;}\" data-widget_type=\"call-to-action.default\">\n\t\t\t\t<div class=\"elementor-widget-container\">\n\t\t\t\t\t\t\t<div class=\"elementor-cta\">\n\t\t\t\t\t<div class=\"elementor-cta__bg-wrapper\">\n\t\t\t\t<div class=\"elementor-cta__bg elementor-bg\" style=\"background-image: url(http:\/\/unweo.org\/wp-content\/uploads\/2024\/11\/sdgs.jpg);\" role=\"img\" aria-label=\"Concept de technologie environnementale. Objectifs de d\u00e9veloppement durable.\"><\/div>\n\t\t\t\t<div class=\"elementor-cta__bg-overlay\"><\/div>\n\t\t\t<\/div>\n\t\t\t\t\t\t\t<div class=\"elementor-cta__content\">\n\t\t\t\t\n\t\t\t\t\t\t\t\t\t<span class=\"elementor-cta__title elementor-cta__content-item elementor-content-item\">\n\t\t\t\t\t\tD\u00e9veloppement durable <br>Objectifs\t\t\t\t\t<\/span>\n\t\t\t\t\n\t\t\t\t\t\t\t\t\t<div class=\"elementor-cta__description elementor-cta__content-item elementor-content-item\">\n\t\t\t\t\t\tLes objectifs de d\u00e9veloppement durable (ODD), \u00e9galement connus sous le nom d'objectifs mondiaux, constituent un appel universel \u00e0 l'action pour mettre fin \u00e0 la pauvret\u00e9, prot\u00e9ger la plan\u00e8te et garantir \u00e0 tous les peuples la paix et la prosp\u00e9rit\u00e9.\t\t\t\t\t<\/div>\n\t\t\t\t\n\t\t\t\t\t\t\t<\/div>\n\t\t\t\t\t\t<\/div>\n\t\t\t\t\t\t<\/div>\n\t\t\t\t<\/div>\n\t\t\t\t<div class=\"elementor-element elementor-element-1f160e8 elementor-cta--skin-cover elementor-cta--valign-bottom elementor-widget__width-initial elementor-invisible elementor-widget elementor-widget-call-to-action\" data-id=\"1f160e8\" data-element_type=\"widget\" data-e-type=\"widget\" data-settings=\"{&quot;_animation&quot;:&quot;fadeInUp&quot;,&quot;_animation_delay&quot;:&quot;200&quot;}\" data-widget_type=\"call-to-action.default\">\n\t\t\t\t<div class=\"elementor-widget-container\">\n\t\t\t\t\t\t\t<div class=\"elementor-cta\">\n\t\t\t\t\t<div class=\"elementor-cta__bg-wrapper\">\n\t\t\t\t<div class=\"elementor-cta__bg elementor-bg\" style=\"background-image: url(http:\/\/unweo.org\/wp-content\/uploads\/2024\/11\/map.jpg);\" role=\"img\" aria-label=\"carte\"><\/div>\n\t\t\t\t<div class=\"elementor-cta__bg-overlay\"><\/div>\n\t\t\t<\/div>\n\t\t\t\t\t\t\t<div class=\"elementor-cta__content\">\n\t\t\t\t\n\t\t\t\t\t\t\t\t\t<span class=\"elementor-cta__title elementor-cta__content-item elementor-content-item\">\n\t\t\t\t\t\tNotre  <br>Expertise\t\t\t\t\t<\/span>\n\t\t\t\t\n\t\t\t\t\t\t\t\t\t<div class=\"elementor-cta__description elementor-cta__content-item elementor-content-item\">\n\t\t\t\t\t\tNous mettons les pays en contact avec les connaissances, les ressources et les r\u00e9seaux dont ils ont besoin pour r\u00e9aliser des perc\u00e9es en mati\u00e8re de d\u00e9veloppement. Gr\u00e2ce \u00e0 notre connaissance approfondie du terrain et \u00e0 notre vaste r\u00e9seau mondial, nous travaillons avec nos partenaires pour promouvoir l'innovation et r\u00e9duire les risques, tout en prot\u00e9geant l'environnement \u00e9conomique et en d\u00e9fendant des communaut\u00e9s durables o\u00f9 tout le monde trouve son compte.\t\t\t\t\t<\/div>\n\t\t\t\t\n\t\t\t\t\t\t\t<\/div>\n\t\t\t\t\t\t<\/div>\n\t\t\t\t\t\t<\/div>\n\t\t\t\t<\/div>\n\t\t\t\t<\/div>\n\t\t\t\t<\/div>","protected":false},"excerpt":{"rendered":"<p>About Us By committing to sustainablity economic innovation, business can take shared responsibility for achieving a better word. Who we are The World Economic Innovation Organization (WEIO) is the Public Agency responsible for the promotion of responsible, sustainable and universally accessible global economic innovation. the WEIO works with governments, NGOs, civil societies, academia, and businesses [&hellip;]<\/p>\n","protected":false},"author":3,"featured_media":0,"parent":0,"menu_order":0,"comment_status":"closed","ping_status":"closed","template":"","meta":{"site-sidebar-layout":"no-sidebar","site-content-layout":"page-builder","ast-site-content-layout":"full-width-container","site-content-style":"unboxed","site-sidebar-style":"unboxed","ast-global-header-display":"","ast-banner-title-visibility":"","ast-main-header-display":"","ast-hfb-above-header-display":"","ast-hfb-below-header-display":"","ast-hfb-mobile-header-display":"","site-post-title":"disabled","ast-breadcrumbs-content":"","ast-featured-img":"disabled","footer-sml-layout":"","ast-disable-related-posts":"","theme-transparent-header-meta":"enabled","adv-header-id-meta":"","stick-header-meta":"default","header-above-stick-meta":"","header-main-stick-meta":"","header-below-stick-meta":"","astra-migrate-meta-layouts":"set","ast-page-background-enabled":"default","ast-page-background-meta":{"desktop":{"background-color":"","background-image":"","background-repeat":"repeat","background-position":"center center","background-size":"auto","background-attachment":"scroll","background-type":"","background-media":"","overlay-type":"","overlay-color":"","overlay-opacity":"","overlay-gradient":""},"tablet":{"background-color":"","background-image":"","background-repeat":"repeat","background-position":"center center","background-size":"auto","background-attachment":"scroll","background-type":"","background-media":"","overlay-type":"","overlay-color":"","overlay-opacity":"","overlay-gradient":""},"mobile":{"background-color":"","background-image":"","background-repeat":"repeat","background-position":"center center","background-size":"auto","background-attachment":"scroll","background-type":"","background-media":"","overlay-type":"","overlay-color":"","overlay-opacity":"","overlay-gradient":""}},"ast-content-background-meta":{"desktop":{"background-color":"var(--ast-global-color-5)","background-image":"","background-repeat":"repeat","background-position":"center center","background-size":"auto","background-attachment":"scroll","background-type":"","background-media":"","overlay-type":"","overlay-color":"","overlay-opacity":"","overlay-gradient":""},"tablet":{"background-color":"var(--ast-global-color-5)","background-image":"","background-repeat":"repeat","background-position":"center center","background-size":"auto","background-attachment":"scroll","background-type":"","background-media":"","overlay-type":"","overlay-color":"","overlay-opacity":"","overlay-gradient":""},"mobile":{"background-color":"var(--ast-global-color-5)","background-image":"","background-repeat":"repeat","background-position":"center center","background-size":"auto","background-attachment":"scroll","background-type":"","background-media":"","overlay-type":"","overlay-color":"","overlay-opacity":"","overlay-gradient":""}},"footnotes":""},"class_list":["post-8","page","type-page","status-publish","hentry"],"_links":{"self":[{"href":"http:\/\/unweo.org\/fr\/wp-json\/wp\/v2\/pages\/8","targetHints":{"allow":["GET"]}}],"collection":[{"href":"http:\/\/unweo.org\/fr\/wp-json\/wp\/v2\/pages"}],"about":[{"href":"http:\/\/unweo.org\/fr\/wp-json\/wp\/v2\/types\/page"}],"author":[{"embeddable":true,"href":"http:\/\/unweo.org\/fr\/wp-json\/wp\/v2\/users\/3"}],"replies":[{"embeddable":true,"href":"http:\/\/unweo.org\/fr\/wp-json\/wp\/v2\/comments?post=8"}],"version-history":[{"count":67,"href":"http:\/\/unweo.org\/fr\/wp-json\/wp\/v2\/pages\/8\/revisions"}],"predecessor-version":[{"id":2790,"href":"http:\/\/unweo.org\/fr\/wp-json\/wp\/v2\/pages\/8\/revisions\/2790"}],"wp:attachment":[{"href":"http:\/\/unweo.org\/fr\/wp-json\/wp\/v2\/media?parent=8"}],"curies":[{"name":"wp","href":"https:\/\/api.w.org\/{rel}","templated":true}]}}